{"id":928,"date":"2024-04-14T04:51:39","date_gmt":"2024-04-14T02:51:39","guid":{"rendered":"https:\/\/madridsuites.es\/politica-de-privacidade\/"},"modified":"2025-09-10T18:46:06","modified_gmt":"2025-09-10T16:46:06","slug":"politica-de-privacidade","status":"publish","type":"page","link":"https:\/\/madridsuites.es\/pt-pt\/politica-de-privacidade\/","title":{"rendered":"POL\u00cdTICA DE PRIVACIDADE"},"content":{"rendered":"\t\t<div data-elementor-type=\"wp-page\" data-elementor-id=\"928\" class=\"elementor elementor-928 elementor-3\" data-elementor-post-type=\"page\">\n\t\t\t\t<div class=\"elementor-element elementor-element-f211394 e-flex e-con-boxed e-con e-parent\" data-id=\"f211394\" data-element_type=\"container\" data-settings=\"{&quot;background_background&quot;:&quot;classic&quot;}\">\n\t\t\t\t\t<div class=\"e-con-inner\">\n\t\t\t\t<div class=\"elementor-element elementor-element-94b8f69 elementor-widget__width-inherit elementor-widget elementor-widget-heading\" data-id=\"94b8f69\" data-element_type=\"widget\" data-widget_type=\"heading.default\">\n\t\t\t\t<div class=\"elementor-widget-container\">\n\t\t\t<h1 class=\"elementor-heading-title elementor-size-default\">POL\u00cdTICA DE <i style=\"font-weight:500\">PRIVACIDADE<\/i><\/h1>\t\t<\/div>\n\t\t\t\t<\/div>\n\t\t\t\t\t<\/div>\n\t\t\t\t<\/div>\n\t\t<div class=\"elementor-element elementor-element-39a10381 e-flex e-con-boxed e-con e-parent\" data-id=\"39a10381\" data-element_type=\"container\">\n\t\t\t\t\t<div class=\"e-con-inner\">\n\t\t\t\t<div class=\"elementor-element elementor-element-9f799ac elementor-widget elementor-widget-text-editor\" data-id=\"9f799ac\" data-element_type=\"widget\" data-widget_type=\"text-editor.default\">\n\t\t\t\t<div class=\"elementor-widget-container\">\n\t\t\t\t\t\t\t<p>Em virtude do estabelecido na Lei Org\u00e2nica 3\/2018 de Prote\u00e7\u00e3o de Dados Pessoais e Garantia dos Direitos Digitais, assim como no Regulamento Geral de Prote\u00e7\u00e3o de Dados UE 2016\/679 e legisla\u00e7\u00e3o correlata, relativa \u00e0 prote\u00e7\u00e3o das pessoas f\u00edsicas no que diz respeito ao tratamento de dados pessoais e \u00e0 livre circula\u00e7\u00e3o desses dados, voc\u00ea encontrar\u00e1 a seguir todas as informa\u00e7\u00f5es relevantes sobre como tratamos os dados pessoais que voc\u00ea compartilha conosco.<\/p>\n<p><b>I.<\/b> Respons\u00e1vel pelo Tratamento: HOTEL GALAICO S.L.<\/p>\n<p><span style=\"font-weight: 700; color: var( --e-global-color-text ); font-family: var( --e-global-typography-text-font-family ), Sans-serif; text-align: var(--text-align); font-size: 1rem;\">II.&nbsp;<\/span>Finalidades para as quais seus dados pessoais ser\u00e3o tratados. Trataremos seus dados pessoais para as seguintes finalidades contratuais: (i) fazer uma oferta sobre nossos servi\u00e7os, (ii) atender a qualquer solicita\u00e7\u00e3o que voc\u00ea possa nos fazer, (iii) aconselhamento sobre hospedagem, (iv) gerenciar sua reserva. Com base em nosso interesse leg\u00edtimo, trataremos seus dados pessoais para (v) assegurar nossa atividade comercial, (vi) garantir a satisfa\u00e7\u00e3o de nossos clientes, (vii) enviar informa\u00e7\u00f5es relevantes sobre servi\u00e7os por via postal, (viii) medir a efetividade de nossas a\u00e7\u00f5es publicit\u00e1rias, (ix) realizar pesquisas de satisfa\u00e7\u00e3o ou (x) investigar fraudes ou proteger nossas opera\u00e7\u00f5es ou usu\u00e1rios. Al\u00e9m disso, sujeito \u00e0 base jur\u00eddica do seu consentimento pr\u00e9vio, tamb\u00e9m trataremos seus dados pessoais para enviar comunica\u00e7\u00f5es comerciais relacionadas aos nossos servi\u00e7os, podendo essas comunica\u00e7\u00f5es se basear no perfil comercial elaborado em rela\u00e7\u00e3o aos seus h\u00e1bitos de consumo, uso de nossos servi\u00e7os e navega\u00e7\u00e3o em nosso site.             <\/p>\n<p><span style=\"font-weight: 700; color: var( --e-global-color-text ); font-family: var( --e-global-typography-text-font-family ), Sans-serif; text-align: var(--text-align); font-size: 1rem;\">III.&nbsp;<\/span>Dados que coletamos. Tratamos apenas os dados necess\u00e1rios para cada uma das finalidades anteriormente identificadas. Para as finalidades mencionadas, trataremos as seguintes categorias de dados pessoais: <\/p>\n<p>Dados de identifica\u00e7\u00e3o;<br>Informa\u00e7\u00f5es em rela\u00e7\u00e3o ao servi\u00e7o contratado;<br>H\u00e1bitos de consumo;<br>H\u00e1bitos de navega\u00e7\u00e3o.<\/p>\n<p><span style=\"font-weight: 700; color: var( --e-global-color-text ); font-family: var( --e-global-typography-text-font-family ), Sans-serif; text-align: var(--text-align); font-size: 1rem;\">IV.&nbsp;<\/span>Legitimidade. As bases jur\u00eddicas que legitimam os tratamentos indicados s\u00e3o a execu\u00e7\u00e3o do contrato, o cumprimento de uma obriga\u00e7\u00e3o legal, o consentimento do usu\u00e1rio e o interesse leg\u00edtimo da HOTEL GALAICO S.L.<\/p>\n<p><\/p>\n<p><span style=\"font-weight: 700; color: var( --e-global-color-text ); font-family: var( --e-global-typography-text-font-family ), Sans-serif; text-align: var(--text-align); font-size: 1rem;\">V.&nbsp;<\/span>Prazo de conserva\u00e7\u00e3o dos dados.<\/p>\n<p>N\u00f3s apenas conservamos os dados pessoais dos usu\u00e1rios na medida em que precisamos para utiliz\u00e1-los de acordo com a finalidade para a qual foram coletados, e de acordo com a base jur\u00eddica do tratamento.<span style=\"color: var( --e-global-color-text ); font-family: var( --e-global-typography-text-font-family ), Sans-serif; font-weight: var( --e-global-typography-text-font-weight ); text-align: var(--text-align); font-size: 1rem;\">&nbsp;<\/span><\/p><p>Manteremos os dados pessoais enquanto existir uma rela\u00e7\u00e3o contratual e\/ou comercial com o usu\u00e1rio, em cumprimento de uma obriga\u00e7\u00e3o legal durante o tempo indicado pela lei e por motivos comerciais. Os dados pessoais fornecidos ser\u00e3o conservados enquanto voc\u00ea n\u00e3o exercer o direito de exclus\u00e3o, oposi\u00e7\u00e3o ao tratamento de seus dados, revoga\u00e7\u00e3o do consentimento, ou quando os respons\u00e1veis pelo tratamento considerarem que n\u00e3o s\u00e3o mais necess\u00e1rios para desenvolver a\u00e7\u00f5es comerciais, seja porque n\u00e3o s\u00e3o adequados, pertinentes ou estejam desatualizados.<\/p><p>Em todo caso, a HOTEL GALAICO S.L. se reserva o direito de manter os dados devidamente bloqueados, sem dar nenhum uso, enquanto possam ser necess\u00e1rios para o exerc\u00edcio ou defesa de reclama\u00e7\u00f5es ou quando possa derivar algum tipo de responsabilidade judicial, legal ou contratual de seu tratamento, que deve ser atendida e para a qual seja necess\u00e1ria a sua recupera\u00e7\u00e3o.<\/p><p>A HOTEL GALAICO S.L. cumprir\u00e1 o disposto na normativa vigente quanto ao dever de cancelamento das informa\u00e7\u00f5es pessoais que deixaram de ser necess\u00e1rias para o fim ou fins para os quais foram coletadas, bloqueando-as, a fim de poder atender \u00e0s poss\u00edveis responsabilidades derivadas do tratamento dos dados, e somente durante os prazos de prescri\u00e7\u00e3o dessas responsabilidades. Uma vez transcorridos esses prazos, essa informa\u00e7\u00e3o ser\u00e1 eliminada definitivamente por m\u00e9todos seguros. <\/p>\n<p><span style=\"font-weight: 700; color: var( --e-global-color-text ); font-family: var( --e-global-typography-text-font-family ), Sans-serif; text-align: var(--text-align); font-size: 1rem;\">VI.&nbsp;<\/span>Destinat\u00e1rios dos dados pessoais<span style=\"color: var( --e-global-color-text ); font-family: var( --e-global-typography-text-font-family ), Sans-serif; font-weight: var( --e-global-typography-text-font-weight ); text-align: var(--text-align); font-size: 1rem;\">&nbsp;<\/span><\/p><p>\u2756 Fornecedores de servi\u00e7os. Para lhe prestar os servi\u00e7os que voc\u00ea solicitou, podemos compartilhar seus dados pessoais com nossos fornecedores de servi\u00e7os. Em qualquer caso, voc\u00ea pode ter certeza de que tomamos todas as medidas razo\u00e1veis para garantir que nossos fornecedores se comprometam a tratar seus dados pessoais com o mesmo n\u00edvel de prote\u00e7\u00e3o com o qual os tratamos. <span style=\"color: var( --e-global-color-text ); font-family: var( --e-global-typography-text-font-family ), Sans-serif; font-weight: var( --e-global-typography-text-font-weight ); text-align: var(--text-align); font-size: 1rem;\">&nbsp;<\/span><\/p><p>\u2756 Cumprimento legal e seguran\u00e7a. Pode ser necess\u00e1rio comunicar seus dados pessoais se formos obrigados a faz\u00ea-lo por motivos de ordem p\u00fablica, aplica\u00e7\u00e3o da lei ou outros assuntos de relev\u00e2ncia p\u00fablica, na medida em que a divulga\u00e7\u00e3o seja necess\u00e1ria ou apropriada e assim nos for solicitado pelas autoridades competentes. Onde legalmente permitido, e na medida do poss\u00edvel, informaremos voc\u00ea antes dessa comunica\u00e7\u00e3o. <\/p>\n<p><span style=\"font-weight: 700; color: var( --e-global-color-text ); font-family: var( --e-global-typography-text-font-family ), Sans-serif; text-align: var(--text-align); font-size: 1rem;\">VII.&nbsp;<\/span>Direitos dos interessados<span style=\"color: var( --e-global-color-text ); font-family: var( --e-global-typography-text-font-family ), Sans-serif; font-weight: var( --e-global-typography-text-font-weight ); text-align: var(--text-align); font-size: 1rem;\">&nbsp;<\/span><\/p><p>O interessado poder\u00e1 exercer os direitos de acesso, retifica\u00e7\u00e3o, exclus\u00e3o, oposi\u00e7\u00e3o, portabilidade e limita\u00e7\u00e3o dirigindo-se \u00e0 HOTEL GALAICO S.L. mediante solicita\u00e7\u00e3o para o nosso endere\u00e7o de e-mail estabelecido para tal: reservas@hotelgalaico.com, anexando c\u00f3pia do documento de identidade ou documento equivalente v\u00e1lido que permita comprovar sua identidade e especificando o direito que deseja exercer.<span style=\"color: var( --e-global-color-text ); font-family: var( --e-global-typography-text-font-family ), Sans-serif; font-weight: var( --e-global-typography-text-font-weight ); text-align: var(--text-align); font-size: 1rem;\">&nbsp;<\/span><\/p><p>Qualquer interessado poder\u00e1, a qualquer momento posterior, nas condi\u00e7\u00f5es estabelecidas na legisla\u00e7\u00e3o sobre prote\u00e7\u00e3o de dados em vigor, revogar a autoriza\u00e7\u00e3o concedida para o tratamento de dados pessoais.<span style=\"color: var( --e-global-color-text ); font-family: var( --e-global-typography-text-font-family ), Sans-serif; font-weight: var( --e-global-typography-text-font-weight ); text-align: var(--text-align); font-size: 1rem;\">&nbsp;<\/span><\/p><p>O interessado ter\u00e1 o direito de apresentar uma reclama\u00e7\u00e3o ou queixa junto \u00e0 Ag\u00eancia Espanhola de Prote\u00e7\u00e3o de Dados (www.agpd.es).<span style=\"color: var( --e-global-color-text ); font-family: var( --e-global-typography-text-font-family ), Sans-serif; font-weight: var( --e-global-typography-text-font-weight ); text-align: var(--text-align); font-size: 1rem;\">&nbsp;<\/span><\/p><p>O usu\u00e1rio ser\u00e1, em qualquer caso, respons\u00e1vel pela veracidade dos dados fornecidos, reservando-se a HOTEL GALAICO S.L. o direito de excluir de seus servi\u00e7os qualquer usu\u00e1rio que tenha fornecido dados falsos, sem preju\u00edzo das demais a\u00e7\u00f5es que possam ser tomadas legalmente. O usu\u00e1rio se responsabiliza por comunicar qualquer altera\u00e7\u00e3o dos dados pessoais fornecidos. <\/p>\n<p><span style=\"font-weight: 700; color: var( --e-global-color-text ); font-family: var( --e-global-typography-text-font-family ), Sans-serif; text-align: var(--text-align); font-size: 1rem;\">VIII.&nbsp;<\/span>Notifica\u00e7\u00f5es<span style=\"color: var( --e-global-color-text ); font-family: var( --e-global-typography-text-font-family ), Sans-serif; font-weight: var( --e-global-typography-text-font-weight ); text-align: var(--text-align); font-size: 1rem;\">&nbsp;<\/span><\/p><p>Todas as notifica\u00e7\u00f5es e comunica\u00e7\u00f5es do usu\u00e1rio para a HOTEL GALAICO S.L. ser\u00e3o consideradas eficazes, para todos os efeitos, quando dirigidas de alguma das seguintes formas:<span style=\"color: var( --e-global-color-text ); font-family: var( --e-global-typography-text-font-family ), Sans-serif; font-weight: var( --e-global-typography-text-font-weight ); text-align: var(--text-align); font-size: 1rem;\">&nbsp;<\/span><\/p><p>\u2756 Envio por e-mail para o seguinte endere\u00e7o: reservas@hotelgalaico.com. Todas as notifica\u00e7\u00f5es por parte da HOTEL GALAICO S.L. ao usu\u00e1rio ser\u00e3o consideradas eficazes quando realizadas de alguma das seguintes maneiras:<span style=\"color: var( --e-global-color-text ); font-family: var( --e-global-typography-text-font-family ), Sans-serif; font-weight: var( --e-global-typography-text-font-weight ); text-align: var(--text-align); font-size: 1rem;\">&nbsp;<\/span><\/p><p>\u2756 Envio por correio postal para o endere\u00e7o do usu\u00e1rio quando este tiver sido previamente informado \u00e0 HOTEL GALAICO S.L.<span style=\"color: var( --e-global-color-text ); font-family: var( --e-global-typography-text-font-family ), Sans-serif; font-weight: var( --e-global-typography-text-font-weight ); text-align: var(--text-align); font-size: 1rem;\">&nbsp;<\/span><\/p><p>\u2756 Envio por e-mail para qualquer um dos e-mails que o usu\u00e1rio tenha previamente informado \u00e0 HOTEL GALAICO S.L.<span style=\"color: var( --e-global-color-text ); font-family: var( --e-global-typography-text-font-family ), Sans-serif; font-weight: var( --e-global-typography-text-font-weight ); text-align: var(--text-align); font-size: 1rem;\">&nbsp;<\/span><\/p><p>\u2756 Comunica\u00e7\u00e3o por meio de uma chamada telef\u00f4nica para o n\u00famero de telefone do usu\u00e1rio, quando este tiver sido previamente informado \u00e0 HOTEL GALAICO S.L.<span style=\"color: var( --e-global-color-text ); font-family: var( --e-global-typography-text-font-family ), Sans-serif; font-weight: var( --e-global-typography-text-font-weight ); text-align: var(--text-align); font-size: 1rem;\">&nbsp;<\/span><\/p><p>\u2756 Por meio de mensagens emergentes enviadas durante a presta\u00e7\u00e3o dos servi\u00e7os pela HOTEL GALAICO S.L. ao usu\u00e1rio.<span style=\"color: var( --e-global-color-text ); font-family: var( --e-global-typography-text-font-family ), Sans-serif; font-weight: var( --e-global-typography-text-font-weight ); text-align: var(--text-align); font-size: 1rem;\">&nbsp;<\/span><\/p><p>Nesse sentido, todas as notifica\u00e7\u00f5es realizadas pela HOTEL GALAICO S.L. ao usu\u00e1rio ser\u00e3o consideradas v\u00e1lidas se feitas utilizando os dados fornecidos pelo usu\u00e1rio e por meio dos meios anteriormente indicados. Para esses efeitos, o usu\u00e1rio declara que todos os dados fornecidos por ele s\u00e3o verdadeiros e corretos, e se compromete a comunicar \u00e0 HOTEL GALAICO S.L. todas as altera\u00e7\u00f5es relativas aos dados de notifica\u00e7\u00e3o. <\/p><p><span style=\"font-weight: 700; color: var( --e-global-color-text ); font-family: var( --e-global-typography-text-font-family ), Sans-serif; text-align: var(--text-align); font-size: 1rem;\">IX.&nbsp;<\/span>Conhecimento de condutas il\u00edcitas<span style=\"color: var( --e-global-color-text ); font-family: var( --e-global-typography-text-font-family ), Sans-serif; font-weight: var( --e-global-typography-text-font-weight ); text-align: var(--text-align); font-size: 1rem;\">&nbsp;<\/span><\/p><p>Caso qualquer usu\u00e1rio ou um terceiro considere que existem fatos ou circunst\u00e2ncias que revelem o car\u00e1ter il\u00edcito da utiliza\u00e7\u00e3o de qualquer conte\u00fado e\/ou da realiza\u00e7\u00e3o de qualquer atividade nas p\u00e1ginas da web inclu\u00eddas ou acess\u00edveis por meio da p\u00e1gina web www.hotelgalaico.com, e que possam constituir viola\u00e7\u00e3o de direitos de propriedade intelectual ou industrial ou outros direitos da HOTEL GALAICO S.L., tem a obriga\u00e7\u00e3o de enviar uma notifica\u00e7\u00e3o que contenha os seguintes dados:<span style=\"color: var( --e-global-color-text ); font-family: var( --e-global-typography-text-font-family ), Sans-serif; font-weight: var( --e-global-typography-text-font-weight ); text-align: var(--text-align); font-size: 1rem;\">&nbsp;<\/span><\/p><p>Nome, endere\u00e7o, n\u00famero de telefone e endere\u00e7o de e-mail da pessoa reclamante. <br>Especifica\u00e7\u00e3o da suposta atividade il\u00edcita realizada na p\u00e1gina da web e, em particular, quando se tratar de uma suposta viola\u00e7\u00e3o de direitos, indica\u00e7\u00e3o precisa e concreta dos conte\u00fados protegidos, assim como sua localiza\u00e7\u00e3o nas p\u00e1ginas da web. Fatos ou circunst\u00e2ncias que revelem o car\u00e1ter il\u00edcito dessa atividade. <span style=\"color: var( --e-global-color-text ); font-family: var( --e-global-typography-text-font-family ), Sans-serif; font-weight: var( --e-global-typography-text-font-weight ); text-align: var(--text-align); font-size: 1rem;\">&nbsp;<\/span><\/p><p>Em caso de viola\u00e7\u00e3o de direitos, assinatura manuscrita ou equivalente, com os dados pessoais do titular dos direitos supostamente infringidos ou da pessoa autorizada a agir em nome e por conta deste.<span style=\"color: var( --e-global-color-text ); font-family: var( --e-global-typography-text-font-family ), Sans-serif; font-weight: var( --e-global-typography-text-font-weight ); text-align: var(--text-align); font-size: 1rem;\">&nbsp;<\/span><\/p><p>Declara\u00e7\u00e3o expressa, clara e sob responsabilidade do reclamante de que a informa\u00e7\u00e3o fornecida na notifica\u00e7\u00e3o \u00e9 exata e que a utiliza\u00e7\u00e3o dos conte\u00fados ou a realiza\u00e7\u00e3o das atividades descritas \u00e9 il\u00edcita.<\/p>\n<p><span style=\"font-weight: 700; color: var( --e-global-color-text ); font-family: var( --e-global-typography-text-font-family ), Sans-serif; text-align: var(--text-align); font-size: 1rem;\">X.&nbsp;<\/span>Legisla\u00e7\u00e3o aplic\u00e1vel<span style=\"color: var( --e-global-color-text ); font-family: var( --e-global-typography-text-font-family ), Sans-serif; font-weight: var( --e-global-typography-text-font-weight ); text-align: var(--text-align); font-size: 1rem;\">&nbsp;<\/span><\/p><p>Este Aviso Legal \u00e9 regido em todos e cada um de seus aspectos pela legisla\u00e7\u00e3o vigente. As partes concordam que, em caso de existir algum conflito de car\u00e1ter legal, se submeter\u00e3o aos Ju\u00edzos e Tribunais de Madrid. <\/p>\t\t\t\t\t\t<\/div>\n\t\t\t\t<\/div>\n\t\t\t\t\t<\/div>\n\t\t\t\t<\/div>\n\t\t\t\t<\/div>\n\t\t","protected":false},"excerpt":{"rendered":"<p>POL\u00cdTICA DE PRIVACIDADE Em virtude do estabelecido na Lei Org\u00e2nica 3\/2018 de Prote\u00e7\u00e3o de Dados Pessoais e Garantia dos Direitos Digitais, assim como no Regulamento Geral de Prote\u00e7\u00e3o de Dados UE 2016\/679 e legisla\u00e7\u00e3o correlata, relativa \u00e0 prote\u00e7\u00e3o das pessoas f\u00edsicas no que diz respeito ao tratamento de dados pessoais e \u00e0 livre circula\u00e7\u00e3o desses [&hellip;]<\/p>\n","protected":false},"author":1,"featured_media":0,"parent":0,"menu_order":0,"comment_status":"closed","ping_status":"open","template":"elementor_header_footer","meta":{"footnotes":""},"class_list":["post-928","page","type-page","status-publish","hentry"],"yoast_head":"<!-- This site is optimized with the Yoast SEO plugin v23.7 - https:\/\/yoast.com\/wordpress\/plugins\/seo\/ -->\n<title>POL\u00cdTICA DE PRIVACIDADE - Madrid Suites<\/title>\n<meta name=\"robots\" content=\"index, follow, max-snippet:-1, max-image-preview:large, max-video-preview:-1\" \/>\n<link rel=\"canonical\" href=\"https:\/\/madridsuites.es\/pt-pt\/politica-de-privacidade\/\" \/>\n<meta property=\"og:locale\" content=\"pt_PT\" \/>\n<meta property=\"og:type\" content=\"article\" \/>\n<meta property=\"og:title\" content=\"POL\u00cdTICA DE PRIVACIDADE - Madrid Suites\" \/>\n<meta property=\"og:description\" content=\"POL\u00cdTICA DE PRIVACIDADE Em virtude do estabelecido na Lei Org\u00e2nica 3\/2018 de Prote\u00e7\u00e3o de Dados Pessoais e Garantia dos Direitos Digitais, assim como no Regulamento Geral de Prote\u00e7\u00e3o de Dados UE 2016\/679 e legisla\u00e7\u00e3o correlata, relativa \u00e0 prote\u00e7\u00e3o das pessoas f\u00edsicas no que diz respeito ao tratamento de dados pessoais e \u00e0 livre circula\u00e7\u00e3o desses [&hellip;]\" \/>\n<meta property=\"og:url\" content=\"https:\/\/madridsuites.es\/pt-pt\/politica-de-privacidade\/\" \/>\n<meta property=\"og:site_name\" content=\"Madrid Suites\" \/>\n<meta property=\"article:modified_time\" content=\"2025-09-10T16:46:06+00:00\" \/>\n<meta name=\"twitter:card\" content=\"summary_large_image\" \/>\n<meta name=\"twitter:label1\" content=\"Tempo estimado de leitura\" \/>\n\t<meta name=\"twitter:data1\" content=\"7 minutos\" \/>\n<script type=\"application\/ld+json\" class=\"yoast-schema-graph\">{\"@context\":\"https:\/\/schema.org\",\"@graph\":[{\"@type\":\"WebPage\",\"@id\":\"https:\/\/madridsuites.es\/pt-pt\/politica-de-privacidade\/\",\"url\":\"https:\/\/madridsuites.es\/pt-pt\/politica-de-privacidade\/\",\"name\":\"POL\u00cdTICA DE PRIVACIDADE - Madrid Suites\",\"isPartOf\":{\"@id\":\"https:\/\/madridsuites.es\/pt-pt\/#website\"},\"datePublished\":\"2024-04-14T02:51:39+00:00\",\"dateModified\":\"2025-09-10T16:46:06+00:00\",\"breadcrumb\":{\"@id\":\"https:\/\/madridsuites.es\/pt-pt\/politica-de-privacidade\/#breadcrumb\"},\"inLanguage\":\"pt-PT\",\"potentialAction\":[{\"@type\":\"ReadAction\",\"target\":[\"https:\/\/madridsuites.es\/pt-pt\/politica-de-privacidade\/\"]}]},{\"@type\":\"BreadcrumbList\",\"@id\":\"https:\/\/madridsuites.es\/pt-pt\/politica-de-privacidade\/#breadcrumb\",\"itemListElement\":[{\"@type\":\"ListItem\",\"position\":1,\"name\":\"Portada\",\"item\":\"https:\/\/madridsuites.es\/pt-pt\/inicio\/\"},{\"@type\":\"ListItem\",\"position\":2,\"name\":\"POL\u00cdTICA DE PRIVACIDADE\"}]},{\"@type\":\"WebSite\",\"@id\":\"https:\/\/madridsuites.es\/pt-pt\/#website\",\"url\":\"https:\/\/madridsuites.es\/pt-pt\/\",\"name\":\"Madrid Suites\",\"description\":\"\",\"potentialAction\":[{\"@type\":\"SearchAction\",\"target\":{\"@type\":\"EntryPoint\",\"urlTemplate\":\"https:\/\/madridsuites.es\/pt-pt\/?s={search_term_string}\"},\"query-input\":{\"@type\":\"PropertyValueSpecification\",\"valueRequired\":true,\"valueName\":\"search_term_string\"}}],\"inLanguage\":\"pt-PT\"}]}<\/script>\n<!-- \/ Yoast SEO plugin. -->","yoast_head_json":{"title":"POL\u00cdTICA DE PRIVACIDADE - Madrid Suites","robots":{"index":"index","follow":"follow","max-snippet":"max-snippet:-1","max-image-preview":"max-image-preview:large","max-video-preview":"max-video-preview:-1"},"canonical":"https:\/\/madridsuites.es\/pt-pt\/politica-de-privacidade\/","og_locale":"pt_PT","og_type":"article","og_title":"POL\u00cdTICA DE PRIVACIDADE - Madrid Suites","og_description":"POL\u00cdTICA DE PRIVACIDADE Em virtude do estabelecido na Lei Org\u00e2nica 3\/2018 de Prote\u00e7\u00e3o de Dados Pessoais e Garantia dos Direitos Digitais, assim como no Regulamento Geral de Prote\u00e7\u00e3o de Dados UE 2016\/679 e legisla\u00e7\u00e3o correlata, relativa \u00e0 prote\u00e7\u00e3o das pessoas f\u00edsicas no que diz respeito ao tratamento de dados pessoais e \u00e0 livre circula\u00e7\u00e3o desses [&hellip;]","og_url":"https:\/\/madridsuites.es\/pt-pt\/politica-de-privacidade\/","og_site_name":"Madrid Suites","article_modified_time":"2025-09-10T16:46:06+00:00","twitter_card":"summary_large_image","twitter_misc":{"Tempo estimado de leitura":"7 minutos"},"schema":{"@context":"https:\/\/schema.org","@graph":[{"@type":"WebPage","@id":"https:\/\/madridsuites.es\/pt-pt\/politica-de-privacidade\/","url":"https:\/\/madridsuites.es\/pt-pt\/politica-de-privacidade\/","name":"POL\u00cdTICA DE PRIVACIDADE - Madrid Suites","isPartOf":{"@id":"https:\/\/madridsuites.es\/pt-pt\/#website"},"datePublished":"2024-04-14T02:51:39+00:00","dateModified":"2025-09-10T16:46:06+00:00","breadcrumb":{"@id":"https:\/\/madridsuites.es\/pt-pt\/politica-de-privacidade\/#breadcrumb"},"inLanguage":"pt-PT","potentialAction":[{"@type":"ReadAction","target":["https:\/\/madridsuites.es\/pt-pt\/politica-de-privacidade\/"]}]},{"@type":"BreadcrumbList","@id":"https:\/\/madridsuites.es\/pt-pt\/politica-de-privacidade\/#breadcrumb","itemListElement":[{"@type":"ListItem","position":1,"name":"Portada","item":"https:\/\/madridsuites.es\/pt-pt\/inicio\/"},{"@type":"ListItem","position":2,"name":"POL\u00cdTICA DE PRIVACIDADE"}]},{"@type":"WebSite","@id":"https:\/\/madridsuites.es\/pt-pt\/#website","url":"https:\/\/madridsuites.es\/pt-pt\/","name":"Madrid Suites","description":"","potentialAction":[{"@type":"SearchAction","target":{"@type":"EntryPoint","urlTemplate":"https:\/\/madridsuites.es\/pt-pt\/?s={search_term_string}"},"query-input":{"@type":"PropertyValueSpecification","valueRequired":true,"valueName":"search_term_string"}}],"inLanguage":"pt-PT"}]}},"_links":{"self":[{"href":"https:\/\/madridsuites.es\/pt-pt\/wp-json\/wp\/v2\/pages\/928","targetHints":{"allow":["GET"]}}],"collection":[{"href":"https:\/\/madridsuites.es\/pt-pt\/wp-json\/wp\/v2\/pages"}],"about":[{"href":"https:\/\/madridsuites.es\/pt-pt\/wp-json\/wp\/v2\/types\/page"}],"author":[{"embeddable":true,"href":"https:\/\/madridsuites.es\/pt-pt\/wp-json\/wp\/v2\/users\/1"}],"replies":[{"embeddable":true,"href":"https:\/\/madridsuites.es\/pt-pt\/wp-json\/wp\/v2\/comments?post=928"}],"version-history":[{"count":2,"href":"https:\/\/madridsuites.es\/pt-pt\/wp-json\/wp\/v2\/pages\/928\/revisions"}],"predecessor-version":[{"id":1483,"href":"https:\/\/madridsuites.es\/pt-pt\/wp-json\/wp\/v2\/pages\/928\/revisions\/1483"}],"wp:attachment":[{"href":"https:\/\/madridsuites.es\/pt-pt\/wp-json\/wp\/v2\/media?parent=928"}],"curies":[{"name":"wp","href":"https:\/\/api.w.org\/{rel}","templated":true}]}}