{"id":932,"date":"2024-04-15T04:46:36","date_gmt":"2024-04-15T02:46:36","guid":{"rendered":"https:\/\/madridsuites.es\/contacto\/"},"modified":"2025-09-10T18:44:15","modified_gmt":"2025-09-10T16:44:15","slug":"contacto","status":"publish","type":"page","link":"https:\/\/madridsuites.es\/pt-pt\/contacto\/","title":{"rendered":"Contacto"},"content":{"rendered":"\t\t<div data-elementor-type=\"wp-page\" data-elementor-id=\"932\" class=\"elementor elementor-932 elementor-181\" data-elementor-post-type=\"page\">\n\t\t\t\t<div class=\"elementor-element elementor-element-0fdbc78 e-flex e-con-boxed e-con e-parent\" data-id=\"0fdbc78\" data-element_type=\"container\" data-settings=\"{&quot;background_background&quot;:&quot;classic&quot;}\">\n\t\t\t\t\t<div class=\"e-con-inner\">\n\t\t<div class=\"elementor-element elementor-element-0b09a8c e-flex e-con-boxed e-con e-child\" data-id=\"0b09a8c\" data-element_type=\"container\">\n\t\t\t\t\t<div class=\"e-con-inner\">\n\t\t\t\t<div class=\"elementor-element elementor-element-10973a2 animated-slow elementor-invisible elementor-widget elementor-widget-heading\" data-id=\"10973a2\" data-element_type=\"widget\" data-settings=\"{&quot;_animation&quot;:&quot;fadeIn&quot;}\" data-widget_type=\"heading.default\">\n\t\t\t\t<div class=\"elementor-widget-container\">\n\t\t\t<h1 class=\"elementor-heading-title elementor-size-default\">MADRID SUITES <\/h1>\t\t<\/div>\n\t\t\t\t<\/div>\n\t\t\t\t<div class=\"elementor-element elementor-element-63a4fcf elementor-headline--style-rotate animated-slow elementor-invisible elementor-widget elementor-widget-animated-headline\" data-id=\"63a4fcf\" data-element_type=\"widget\" data-settings=\"{&quot;headline_style&quot;:&quot;rotate&quot;,&quot;rotating_text&quot;:&quot;Voc\\u00ea se sentir\\u00e1 em casa&quot;,&quot;rotate_iteration_delay&quot;:1000,&quot;_animation&quot;:&quot;fadeIn&quot;,&quot;_animation_delay&quot;:2000,&quot;animation_type&quot;:&quot;typing&quot;,&quot;loop&quot;:&quot;yes&quot;}\" data-widget_type=\"animated-headline.default\">\n\t\t\t\t<div class=\"elementor-widget-container\">\n\t\t\t\t\t<h3 class=\"elementor-headline elementor-headline-animation-type-typing elementor-headline-letters\">\n\t\t\t\t<span class=\"elementor-headline-dynamic-wrapper elementor-headline-text-wrapper\">\n\t\t\t\t\t<span class=\"elementor-headline-dynamic-text elementor-headline-text-active\">\n\t\t\t\tVoc\u00ea&nbsp;se&nbsp;sentir\u00e1&nbsp;em&nbsp;casa\t\t\t<\/span>\n\t\t\t\t\t\t<\/span>\n\t\t\t\t<\/h3>\n\t\t\t\t<\/div>\n\t\t\t\t<\/div>\n\t\t\t\t<div class=\"elementor-element elementor-element-a0418da elementor-widget elementor-widget-spacer\" data-id=\"a0418da\" data-element_type=\"widget\" data-widget_type=\"spacer.default\">\n\t\t\t\t<div class=\"elementor-widget-container\">\n\t\t\t\t\t<div class=\"elementor-spacer\">\n\t\t\t<div class=\"elementor-spacer-inner\"><\/div>\n\t\t<\/div>\n\t\t\t\t<\/div>\n\t\t\t\t<\/div>\n\t\t\t\t<div class=\"elementor-element elementor-element-e030ede elementor-widget elementor-widget-template\" data-id=\"e030ede\" data-element_type=\"widget\" data-widget_type=\"template.default\">\n\t\t\t\t<div class=\"elementor-widget-container\">\n\t\t\t\t\t<div class=\"elementor-template\">\n\t\t\t\t\t<div data-elementor-type=\"section\" data-elementor-id=\"1421\" class=\"elementor elementor-1421\" data-elementor-post-type=\"elementor_library\">\n\t\t\t<div class=\"elementor-element elementor-element-2e382e0 e-flex e-con-boxed e-con e-parent\" data-id=\"2e382e0\" data-element_type=\"container\">\n\t\t\t\t\t<div class=\"e-con-inner\">\n\t\t\t\t<div class=\"elementor-element elementor-element-772feb8 elementor-widget__width-auto engine-affix elementor-widget elementor-widget-Mirai_Finder\" data-id=\"772feb8\" data-element_type=\"widget\" data-settings=\"{&quot;sticky&quot;:&quot;top&quot;,&quot;sticky_offset&quot;:50,&quot;sticky_on&quot;:[&quot;desktop&quot;,&quot;tablet&quot;,&quot;mobile&quot;],&quot;sticky_effects_offset&quot;:0,&quot;sticky_anchor_link_offset&quot;:0}\" data-widget_type=\"Mirai_Finder.default\">\n\t\t\t\t<div class=\"elementor-widget-container\">\n\t\t\t <div data-mirai-component=\"finder\"><\/div>\t\t<\/div>\n\t\t\t\t<\/div>\n\t\t\t\t\t<\/div>\n\t\t\t\t<\/div>\n\t\t\t\t<\/div>\n\t\t\t\t<\/div>\n\t\t\t\t<\/div>\n\t\t\t\t<\/div>\n\t\t\t\t<div class=\"elementor-element elementor-element-5258b93 elementor-widget elementor-widget-image\" data-id=\"5258b93\" data-element_type=\"widget\" data-widget_type=\"image.default\">\n\t\t\t\t<div class=\"elementor-widget-container\">\n\t\t\t\t\t\t\t\t\t\t\t\t\t\t<a href=\"#mas\">\n\t\t\t\t\t\t\t<img decoding=\"async\" width=\"85\" height=\"71\" src=\"https:\/\/madridsuites.es\/wp-content\/uploads\/2024\/04\/Flecha.png\" class=\"attachment-large size-large wp-image-292\" alt=\"\" \/>\t\t\t\t\t\t\t\t<\/a>\n\t\t\t\t\t\t\t\t\t\t\t\t\t<\/div>\n\t\t\t\t<\/div>\n\t\t\t\t\t<\/div>\n\t\t\t\t<\/div>\n\t\t\t\t\t<\/div>\n\t\t\t\t<\/div>\n\t\t<div class=\"elementor-element elementor-element-38f3be3 e-flex e-con-boxed e-con e-parent\" data-id=\"38f3be3\" data-element_type=\"container\" id=\"mas\">\n\t\t\t\t\t<div class=\"e-con-inner\">\n\t\t\t\t<div class=\"elementor-element elementor-element-0c3590e elementor-widget__width-inherit elementor-widget elementor-widget-heading\" data-id=\"0c3590e\" data-element_type=\"widget\" data-widget_type=\"heading.default\">\n\t\t\t\t<div class=\"elementor-widget-container\">\n\t\t\t<h2 class=\"elementor-heading-title elementor-size-default\">CONTACTO<\/h2>\t\t<\/div>\n\t\t\t\t<\/div>\n\t\t<div class=\"elementor-element elementor-element-515e28c e-con-full animated-slow e-flex elementor-invisible e-con e-child\" data-id=\"515e28c\" data-element_type=\"container\" data-settings=\"{&quot;background_background&quot;:&quot;classic&quot;,&quot;animation&quot;:&quot;fadeInLeft&quot;}\">\n\t\t\t\t<div class=\"elementor-element elementor-element-a90c3fe elementor-widget elementor-widget-spacer\" data-id=\"a90c3fe\" data-element_type=\"widget\" data-widget_type=\"spacer.default\">\n\t\t\t\t<div class=\"elementor-widget-container\">\n\t\t\t\t\t<div class=\"elementor-spacer\">\n\t\t\t<div class=\"elementor-spacer-inner\"><\/div>\n\t\t<\/div>\n\t\t\t\t<\/div>\n\t\t\t\t<\/div>\n\t\t\t\t<\/div>\n\t\t<div class=\"elementor-element elementor-element-0c4511e e-con-full e-flex e-con e-child\" data-id=\"0c4511e\" data-element_type=\"container\">\n\t\t\t\t<div class=\"elementor-element elementor-element-d40a64e elementor-widget elementor-widget-text-editor\" data-id=\"d40a64e\" data-element_type=\"widget\" data-widget_type=\"text-editor.default\">\n\t\t\t\t<div class=\"elementor-widget-container\">\n\t\t\t\t\t\t\t<p>Hospedar-se no Madrid Suites permitir\u00e1 que voc\u00ea desfrute de uma experi\u00eancia \u00fanica, combinando a tranquilidade de um ambiente natural privilegiado com o conforto e as vantagens de estar perto do centro de Madrid.<\/p>\n<p><strong> Reserve sua estadia!<\/strong><\/p>\n\t\t\t\t\t\t<\/div>\n\t\t\t\t<\/div>\n\t\t\t\t<div class=\"elementor-element elementor-element-1dc15d3 elementor-button-align-center elementor-widget elementor-widget-form\" data-id=\"1dc15d3\" data-element_type=\"widget\" data-settings=\"{&quot;step_next_label&quot;:&quot;Pr\\u00f3ximo&quot;,&quot;step_previous_label&quot;:&quot;Anterior&quot;,&quot;button_width&quot;:&quot;100&quot;,&quot;step_type&quot;:&quot;number_text&quot;,&quot;step_icon_shape&quot;:&quot;circle&quot;}\" data-widget_type=\"form.default\">\n\t\t\t\t<div class=\"elementor-widget-container\">\n\t\t\t\t\t<form class=\"elementor-form\" method=\"post\" name=\"Novo Formul\u00e1rio\">\n\t\t\t<input type=\"hidden\" name=\"post_id\" value=\"932\"\/>\n\t\t\t<input type=\"hidden\" name=\"form_id\" value=\"1dc15d3\"\/>\n\t\t\t<input type=\"hidden\" name=\"referer_title\" value=\"Madrid Suites\" \/>\n\n\t\t\t\n\t\t\t<div class=\"elementor-form-fields-wrapper elementor-labels-\">\n\t\t\t\t\t\t\t\t<div class=\"elementor-field-type-text elementor-field-group elementor-column elementor-field-group-name elementor-col-50\">\n\t\t\t\t\t\t\t\t\t\t\t\t<label for=\"form-field-name\" class=\"elementor-field-label elementor-screen-only\">\n\t\t\t\t\t\t\t\tNome\t\t\t\t\t\t\t<\/label>\n\t\t\t\t\t\t\t\t\t\t\t\t\t\t<input size=\"1\" type=\"text\" name=\"form_fields[name]\" id=\"form-field-name\" class=\"elementor-field elementor-size-sm  elementor-field-textual\" placeholder=\"Nome\">\n\t\t\t\t\t\t\t\t\t\t\t<\/div>\n\t\t\t\t\t\t\t\t<div class=\"elementor-field-type-text elementor-field-group elementor-column elementor-field-group-field_27277f7 elementor-col-50\">\n\t\t\t\t\t\t\t\t\t\t\t\t<label for=\"form-field-field_27277f7\" class=\"elementor-field-label elementor-screen-only\">\n\t\t\t\t\t\t\t\tSobrenome\t\t\t\t\t\t\t<\/label>\n\t\t\t\t\t\t\t\t\t\t\t\t\t\t<input size=\"1\" type=\"text\" name=\"form_fields[field_27277f7]\" id=\"form-field-field_27277f7\" class=\"elementor-field elementor-size-sm  elementor-field-textual\" placeholder=\"Sobrenome\">\n\t\t\t\t\t\t\t\t\t\t\t<\/div>\n\t\t\t\t\t\t\t\t<div class=\"elementor-field-type-email elementor-field-group elementor-column elementor-field-group-email elementor-col-100 elementor-field-required\">\n\t\t\t\t\t\t\t\t\t\t\t\t<label for=\"form-field-email\" class=\"elementor-field-label elementor-screen-only\">\n\t\t\t\t\t\t\t\tE-mail\t\t\t\t\t\t\t<\/label>\n\t\t\t\t\t\t\t\t\t\t\t\t\t\t<input size=\"1\" type=\"email\" name=\"form_fields[email]\" id=\"form-field-email\" class=\"elementor-field elementor-size-sm  elementor-field-textual\" placeholder=\"E-mail\" required=\"required\" aria-required=\"true\">\n\t\t\t\t\t\t\t\t\t\t\t<\/div>\n\t\t\t\t\t\t\t\t<div class=\"elementor-field-type-textarea elementor-field-group elementor-column elementor-field-group-message elementor-col-100\">\n\t\t\t\t\t\t\t\t\t\t\t\t<label for=\"form-field-message\" class=\"elementor-field-label elementor-screen-only\">\n\t\t\t\t\t\t\t\tMensagem\t\t\t\t\t\t\t<\/label>\n\t\t\t\t\t\t<textarea class=\"elementor-field-textual elementor-field  elementor-size-sm\" name=\"form_fields[message]\" id=\"form-field-message\" rows=\"4\" placeholder=\"Mensagem\"><\/textarea>\t\t\t\t<\/div>\n\t\t\t\t\t\t\t\t<div class=\"elementor-field-type-acceptance elementor-field-group elementor-column elementor-field-group-field_ccde382 elementor-col-100 elementor-field-required\">\n\t\t\t\t\t\t\t<div class=\"elementor-field-subgroup\">\n\t\t\t<span class=\"elementor-field-option\">\n\t\t\t\t<input type=\"checkbox\" name=\"form_fields[field_ccde382]\" id=\"form-field-field_ccde382\" class=\"elementor-field elementor-size-sm  elementor-acceptance-field\" required=\"required\" aria-required=\"true\">\n\t\t\t\t<label for=\"form-field-field_ccde382\">Li e aceito a <a href=\"https:\/\/madridsuites.es\/pt-pt\/politica-de-privacidade\/\" target=\"_blank\">pol\u00edtica de privacidade<\/a> e o <a href=\"https:\/\/madridsuites.es\/pt-pt\/aviso-legal\/\" target=\"_blank\">aviso legal.<\/a><\/label>\t\t\t<\/span>\n\t\t<\/div>\n\t\t\t\t\t\t<\/div>\n\t\t\t\t\t\t\t\t<div class=\"elementor-field-type-text\">\n\t\t\t\t\t<input size=\"1\" type=\"text\" name=\"form_fields[field_623ba8b]\" id=\"form-field-field_623ba8b\" class=\"elementor-field elementor-size-sm \" style=\"display:none !important;\">\t\t\t\t<\/div>\n\t\t\t\t\t\t\t\t<div class=\"elementor-field-group elementor-column elementor-field-type-submit elementor-col-100 e-form__buttons\">\n\t\t\t\t\t<button class=\"elementor-button elementor-size-sm\" type=\"submit\">\n\t\t\t\t\t\t<span class=\"elementor-button-content-wrapper\">\n\t\t\t\t\t\t\t\t\t\t\t\t\t\t\t<span class=\"elementor-button-icon\">\n\t\t\t\t\t\t\t\t\t<svg aria-hidden=\"true\" class=\"e-font-icon-svg e-fas-envelope\" viewBox=\"0 0 512 512\" xmlns=\"http:\/\/www.w3.org\/2000\/svg\"><path d=\"M502.3 190.8c3.9-3.1 9.7-.2 9.7 4.7V400c0 26.5-21.5 48-48 48H48c-26.5 0-48-21.5-48-48V195.6c0-5 5.7-7.8 9.7-4.7 22.4 17.4 52.1 39.5 154.1 113.6 21.1 15.4 56.7 47.8 92.2 47.6 35.7.3 72-32.8 92.3-47.6 102-74.1 131.6-96.3 154-113.7zM256 320c23.2.4 56.6-29.2 73.4-41.4 132.7-96.3 142.8-104.7 173.4-128.7 5.8-4.5 9.2-11.5 9.2-18.9v-19c0-26.5-21.5-48-48-48H48C21.5 64 0 85.5 0 112v19c0 7.4 3.4 14.3 9.2 18.9 30.6 23.9 40.7 32.4 173.4 128.7 16.8 12.2 50.2 41.8 73.4 41.4z\"><\/path><\/svg>\t\t\t\t\t\t\t\t\t\t\t\t\t\t\t\t\t<\/span>\n\t\t\t\t\t\t\t\t\t\t\t\t\t\t\t\t\t\t\t\t\t\t<span class=\"elementor-button-text\">Enviar Agora<\/span>\n\t\t\t\t\t\t\t\t\t\t\t\t\t<\/span>\n\t\t\t\t\t<\/button>\n\t\t\t\t<\/div>\n\t\t\t<\/div>\n\t\t<\/form>\n\t\t\t\t<\/div>\n\t\t\t\t<\/div>\n\t\t\t\t<\/div>\n\t\t\t\t\t<\/div>\n\t\t\t\t<\/div>\n\t\t\t\t<\/div>\n\t\t","protected":false},"excerpt":{"rendered":"<p>MADRID SUITES Voc\u00ea&nbsp;se&nbsp;sentir\u00e1&nbsp;em&nbsp;casa CONTACTO Hospedar-se no Madrid Suites permitir\u00e1 que voc\u00ea desfrute de uma experi\u00eancia \u00fanica, combinando a tranquilidade de um ambiente natural privilegiado com o conforto e as vantagens de estar perto do centro de Madrid. Reserve sua estadia!<\/p>\n","protected":false},"author":1,"featured_media":0,"parent":0,"menu_order":0,"comment_status":"closed","ping_status":"closed","template":"elementor_header_footer","meta":{"footnotes":""},"class_list":["post-932","page","type-page","status-publish","hentry"],"yoast_head":"<!-- This site is optimized with the Yoast SEO plugin v23.7 - https:\/\/yoast.com\/wordpress\/plugins\/seo\/ -->\n<title>Contacto - Madrid Suites<\/title>\n<meta name=\"robots\" content=\"index, follow, max-snippet:-1, max-image-preview:large, max-video-preview:-1\" \/>\n<link rel=\"canonical\" href=\"https:\/\/madridsuites.es\/pt-pt\/contacto\/\" \/>\n<meta property=\"og:locale\" content=\"pt_PT\" \/>\n<meta property=\"og:type\" content=\"article\" \/>\n<meta property=\"og:title\" content=\"Contacto - Madrid Suites\" \/>\n<meta property=\"og:description\" content=\"MADRID SUITES Voc\u00ea&nbsp;se&nbsp;sentir\u00e1&nbsp;em&nbsp;casa CONTACTO Hospedar-se no Madrid Suites permitir\u00e1 que voc\u00ea desfrute de uma experi\u00eancia \u00fanica, combinando a tranquilidade de um ambiente natural privilegiado com o conforto e as vantagens de estar perto do centro de Madrid. Reserve sua estadia!\" \/>\n<meta property=\"og:url\" content=\"https:\/\/madridsuites.es\/pt-pt\/contacto\/\" \/>\n<meta property=\"og:site_name\" content=\"Madrid Suites\" \/>\n<meta property=\"article:modified_time\" content=\"2025-09-10T16:44:15+00:00\" \/>\n<meta property=\"og:image\" content=\"https:\/\/madridsuites.es\/wp-content\/uploads\/2024\/04\/Flecha.png\" \/>\n\t<meta property=\"og:image:width\" content=\"85\" \/>\n\t<meta property=\"og:image:height\" content=\"71\" \/>\n\t<meta property=\"og:image:type\" content=\"image\/png\" \/>\n<meta name=\"twitter:card\" content=\"summary_large_image\" \/>\n<script type=\"application\/ld+json\" class=\"yoast-schema-graph\">{\"@context\":\"https:\/\/schema.org\",\"@graph\":[{\"@type\":\"WebPage\",\"@id\":\"https:\/\/madridsuites.es\/pt-pt\/contacto\/\",\"url\":\"https:\/\/madridsuites.es\/pt-pt\/contacto\/\",\"name\":\"Contacto - Madrid Suites\",\"isPartOf\":{\"@id\":\"https:\/\/madridsuites.es\/pt-pt\/#website\"},\"primaryImageOfPage\":{\"@id\":\"https:\/\/madridsuites.es\/pt-pt\/contacto\/#primaryimage\"},\"image\":{\"@id\":\"https:\/\/madridsuites.es\/pt-pt\/contacto\/#primaryimage\"},\"thumbnailUrl\":\"https:\/\/madridsuites.es\/wp-content\/uploads\/2024\/04\/Flecha.png\",\"datePublished\":\"2024-04-15T02:46:36+00:00\",\"dateModified\":\"2025-09-10T16:44:15+00:00\",\"breadcrumb\":{\"@id\":\"https:\/\/madridsuites.es\/pt-pt\/contacto\/#breadcrumb\"},\"inLanguage\":\"pt-PT\",\"potentialAction\":[{\"@type\":\"ReadAction\",\"target\":[\"https:\/\/madridsuites.es\/pt-pt\/contacto\/\"]}]},{\"@type\":\"ImageObject\",\"inLanguage\":\"pt-PT\",\"@id\":\"https:\/\/madridsuites.es\/pt-pt\/contacto\/#primaryimage\",\"url\":\"https:\/\/madridsuites.es\/wp-content\/uploads\/2024\/04\/Flecha.png\",\"contentUrl\":\"https:\/\/madridsuites.es\/wp-content\/uploads\/2024\/04\/Flecha.png\"},{\"@type\":\"BreadcrumbList\",\"@id\":\"https:\/\/madridsuites.es\/pt-pt\/contacto\/#breadcrumb\",\"itemListElement\":[{\"@type\":\"ListItem\",\"position\":1,\"name\":\"Portada\",\"item\":\"https:\/\/madridsuites.es\/pt-pt\/inicio\/\"},{\"@type\":\"ListItem\",\"position\":2,\"name\":\"Contacto\"}]},{\"@type\":\"WebSite\",\"@id\":\"https:\/\/madridsuites.es\/pt-pt\/#website\",\"url\":\"https:\/\/madridsuites.es\/pt-pt\/\",\"name\":\"Madrid Suites\",\"description\":\"\",\"potentialAction\":[{\"@type\":\"SearchAction\",\"target\":{\"@type\":\"EntryPoint\",\"urlTemplate\":\"https:\/\/madridsuites.es\/pt-pt\/?s={search_term_string}\"},\"query-input\":{\"@type\":\"PropertyValueSpecification\",\"valueRequired\":true,\"valueName\":\"search_term_string\"}}],\"inLanguage\":\"pt-PT\"}]}<\/script>\n<!-- \/ Yoast SEO plugin. -->","yoast_head_json":{"title":"Contacto - Madrid Suites","robots":{"index":"index","follow":"follow","max-snippet":"max-snippet:-1","max-image-preview":"max-image-preview:large","max-video-preview":"max-video-preview:-1"},"canonical":"https:\/\/madridsuites.es\/pt-pt\/contacto\/","og_locale":"pt_PT","og_type":"article","og_title":"Contacto - Madrid Suites","og_description":"MADRID SUITES Voc\u00ea&nbsp;se&nbsp;sentir\u00e1&nbsp;em&nbsp;casa CONTACTO Hospedar-se no Madrid Suites permitir\u00e1 que voc\u00ea desfrute de uma experi\u00eancia \u00fanica, combinando a tranquilidade de um ambiente natural privilegiado com o conforto e as vantagens de estar perto do centro de Madrid. Reserve sua estadia!","og_url":"https:\/\/madridsuites.es\/pt-pt\/contacto\/","og_site_name":"Madrid Suites","article_modified_time":"2025-09-10T16:44:15+00:00","og_image":[{"width":85,"height":71,"url":"https:\/\/madridsuites.es\/wp-content\/uploads\/2024\/04\/Flecha.png","type":"image\/png"}],"twitter_card":"summary_large_image","schema":{"@context":"https:\/\/schema.org","@graph":[{"@type":"WebPage","@id":"https:\/\/madridsuites.es\/pt-pt\/contacto\/","url":"https:\/\/madridsuites.es\/pt-pt\/contacto\/","name":"Contacto - Madrid Suites","isPartOf":{"@id":"https:\/\/madridsuites.es\/pt-pt\/#website"},"primaryImageOfPage":{"@id":"https:\/\/madridsuites.es\/pt-pt\/contacto\/#primaryimage"},"image":{"@id":"https:\/\/madridsuites.es\/pt-pt\/contacto\/#primaryimage"},"thumbnailUrl":"https:\/\/madridsuites.es\/wp-content\/uploads\/2024\/04\/Flecha.png","datePublished":"2024-04-15T02:46:36+00:00","dateModified":"2025-09-10T16:44:15+00:00","breadcrumb":{"@id":"https:\/\/madridsuites.es\/pt-pt\/contacto\/#breadcrumb"},"inLanguage":"pt-PT","potentialAction":[{"@type":"ReadAction","target":["https:\/\/madridsuites.es\/pt-pt\/contacto\/"]}]},{"@type":"ImageObject","inLanguage":"pt-PT","@id":"https:\/\/madridsuites.es\/pt-pt\/contacto\/#primaryimage","url":"https:\/\/madridsuites.es\/wp-content\/uploads\/2024\/04\/Flecha.png","contentUrl":"https:\/\/madridsuites.es\/wp-content\/uploads\/2024\/04\/Flecha.png"},{"@type":"BreadcrumbList","@id":"https:\/\/madridsuites.es\/pt-pt\/contacto\/#breadcrumb","itemListElement":[{"@type":"ListItem","position":1,"name":"Portada","item":"https:\/\/madridsuites.es\/pt-pt\/inicio\/"},{"@type":"ListItem","position":2,"name":"Contacto"}]},{"@type":"WebSite","@id":"https:\/\/madridsuites.es\/pt-pt\/#website","url":"https:\/\/madridsuites.es\/pt-pt\/","name":"Madrid Suites","description":"","potentialAction":[{"@type":"SearchAction","target":{"@type":"EntryPoint","urlTemplate":"https:\/\/madridsuites.es\/pt-pt\/?s={search_term_string}"},"query-input":{"@type":"PropertyValueSpecification","valueRequired":true,"valueName":"search_term_string"}}],"inLanguage":"pt-PT"}]}},"_links":{"self":[{"href":"https:\/\/madridsuites.es\/pt-pt\/wp-json\/wp\/v2\/pages\/932","targetHints":{"allow":["GET"]}}],"collection":[{"href":"https:\/\/madridsuites.es\/pt-pt\/wp-json\/wp\/v2\/pages"}],"about":[{"href":"https:\/\/madridsuites.es\/pt-pt\/wp-json\/wp\/v2\/types\/page"}],"author":[{"embeddable":true,"href":"https:\/\/madridsuites.es\/pt-pt\/wp-json\/wp\/v2\/users\/1"}],"replies":[{"embeddable":true,"href":"https:\/\/madridsuites.es\/pt-pt\/wp-json\/wp\/v2\/comments?post=932"}],"version-history":[{"count":1,"href":"https:\/\/madridsuites.es\/pt-pt\/wp-json\/wp\/v2\/pages\/932\/revisions"}],"predecessor-version":[{"id":1457,"href":"https:\/\/madridsuites.es\/pt-pt\/wp-json\/wp\/v2\/pages\/932\/revisions\/1457"}],"wp:attachment":[{"href":"https:\/\/madridsuites.es\/pt-pt\/wp-json\/wp\/v2\/media?parent=932"}],"curies":[{"name":"wp","href":"https:\/\/api.w.org\/{rel}","templated":true}]}}